{"id":10898,"date":"2025-02-22T16:04:41","date_gmt":"2025-02-22T15:04:41","guid":{"rendered":"http:\/\/jashe.org\/?page_id=10898"},"modified":"2025-02-22T16:10:10","modified_gmt":"2025-02-22T15:10:10","slug":"capacitaciones","status":"publish","type":"page","link":"https:\/\/jashe.thoperchang.com\/?page_id=10898","title":{"rendered":"Capacitaciones"},"content":{"rendered":"\t\t<div data-elementor-type=\"wp-page\" data-elementor-id=\"10898\" class=\"elementor elementor-10898\">\n\t\t\t\t        <section class=\"elementor-section elementor-top-section elementor-element elementor-element-e3e310f elementor-section-boxed elementor-section-height-default elementor-section-height-default pxl-row-scroll-none pxl-zoom-point-false pxl-section-overflow-visible pxl-section-fix-none pxl-bg-color-none pxl-section-overlay-none\" data-id=\"e3e310f\" data-element_type=\"section\">\n\n                \n                <div class=\"elementor-container elementor-column-gap-default \">\n                <div class=\"elementor-column elementor-col-100 elementor-top-column elementor-element elementor-element-9272de5 pxl-column-none pxl-column-overflow-hidden-no\" data-id=\"9272de5\" data-element_type=\"column\">\r\n        <div class=\"elementor-widget-wrap elementor-element-populated\">\r\n                     \r\n        \t\t<div class=\"elementor-element elementor-element-bd8f459 elementor-widget-divider--view-line elementor-widget elementor-widget-divider\" data-id=\"bd8f459\" data-element_type=\"widget\" data-widget_type=\"divider.default\">\n\t\t\t\t<div class=\"elementor-widget-container\">\n\t\t\t\t\t\t\t<div class=\"elementor-divider\">\n\t\t\t<span class=\"elementor-divider-separator\">\n\t\t\t\t\t\t<\/span>\n\t\t<\/div>\n\t\t\t\t\t\t<\/div>\n\t\t\t\t<\/div>\n\t\t            <\/div>\r\n        <\/div>\r\n        \t\t\t<\/div>\n\t\t<\/section>\n\t\t        <section class=\"elementor-section elementor-top-section elementor-element elementor-element-20df216 elementor-section-boxed elementor-section-height-default elementor-section-height-default pxl-row-scroll-none pxl-zoom-point-false pxl-section-overflow-visible pxl-section-fix-none pxl-bg-color-none pxl-section-overlay-none\" data-id=\"20df216\" data-element_type=\"section\">\n\n                \n                <div class=\"elementor-container elementor-column-gap-extended \">\n                <div class=\"elementor-column elementor-col-100 elementor-top-column elementor-element elementor-element-690d966c pxl-column-none pxl-column-overflow-hidden-no\" data-id=\"690d966c\" data-element_type=\"column\">\r\n        <div class=\"elementor-widget-wrap elementor-element-populated\">\r\n                     \r\n                <section class=\"elementor-section elementor-inner-section elementor-element elementor-element-372abc96 elementor-section-boxed elementor-section-height-default elementor-section-height-default pxl-row-scroll-none pxl-zoom-point-false pxl-section-overflow-visible pxl-section-fix-none pxl-bg-color-none pxl-section-overlay-none\" data-id=\"372abc96\" data-element_type=\"section\">\n\n                \n                <div class=\"elementor-container elementor-column-gap-extended \">\n                <div class=\"elementor-column elementor-col-100 elementor-inner-column elementor-element elementor-element-5dd8db47 pxl-column-none pxl-column-overflow-hidden-no\" data-id=\"5dd8db47\" data-element_type=\"column\">\r\n        <div class=\"elementor-widget-wrap elementor-element-populated\">\r\n                     \r\n        \t\t<div class=\"elementor-element elementor-element-4d3fee70 elementor-widget elementor-widget-pxl_heading\" data-id=\"4d3fee70\" data-element_type=\"widget\" data-widget_type=\"pxl_heading.default\">\n\t\t\t\t<div class=\"elementor-widget-container\">\n\t\t\t\t\t\n<div id=\"pxl-pxl_heading-4d3fee70-8218\" class=\"pxl-heading px-sub-title-primary-style \">\n\t<div class=\"pxl-heading--inner\">\n\t\t\t\t\t<div class=\"pxl-item--subtitle px-sub-title-primary \" data-wow-delay=\"ms\">\n\t\t\t\t<span class=\"pxl-item--subtext\">\n\t\t\t\t\t\t\t\t\t\tFormaci\u00f3n Profesional\t\t\t\t<\/span>\n\t\t\t<\/div>\n\t\t\n\t\t<h3 class=\"pxl-item--title style-default highlight-default \" data-wow-delay=\"ms\">\n\t\t\t\n\t\t\t\n\t\t\t\n\t\t\t<span class=\"pxl-heading--text\">\n\n\t\t\t\t\t\t\t\t\tCapacitaciones\t\n\t\t\t\t\t\n\n\t\t\t<\/span>\n\t\t<\/h3>\n\t\t\n\t<\/div>\n<\/div>\t\t\t\t<\/div>\n\t\t\t\t<\/div>\n\t\t            <\/div>\r\n        <\/div>\r\n        \t\t\t<\/div>\n\t\t<\/section>\n\t\t\t\t<div class=\"elementor-element elementor-element-5e65bef elementor-widget elementor-widget-swp-eventpress--general\" data-id=\"5e65bef\" data-element_type=\"widget\" data-widget_type=\"swp-eventpress--general.default\">\n\t\t\t\t<div class=\"elementor-widget-container\">\n\t\t\t\t\t    <!-- Event Card 4 -->\r\n    <section class=\"shop-area style-4\">\r\n        <div class=\"swp-container\">\r\n\r\n            <div class=\"swp-row\">\r\n                                        <div class=\"swp-col-lg-4 swp-col-sm-6\">\r\n                            <div class=\"swp-single-inner\">\r\n                                <div class=\"icon-img\">\r\n                                    <a   href=\"https:\/\/jashe.thoperchang.com\/?event=finanzas-para-emprendedores\" >\r\n                                        <img fetchpriority=\"high\" decoding=\"async\" width=\"370\" height=\"208\" src=\"https:\/\/jashe.thoperchang.com\/wp-content\/uploads\/2025\/01\/888x500text16_9.png\" class=\"attachment-swp_eventpress_370x270 size-swp_eventpress_370x270 wp-post-image\" alt=\"\" srcset=\"https:\/\/jashe.thoperchang.com\/wp-content\/uploads\/2025\/01\/888x500text16_9.png 888w, https:\/\/jashe.thoperchang.com\/wp-content\/uploads\/2025\/01\/888x500text16_9-300x169.png 300w, https:\/\/jashe.thoperchang.com\/wp-content\/uploads\/2025\/01\/888x500text16_9-768x432.png 768w, https:\/\/jashe.thoperchang.com\/wp-content\/uploads\/2025\/01\/888x500text16_9-600x338.png 600w\" sizes=\"(max-width: 370px) 100vw, 370px\" \/>                                    <\/a>\r\n                                <\/div>\r\n                                <div class=\"content-box\">\r\n                                    <ul class=\"swp-meta-inner\">\r\n                                                                                    <li>\r\n                                                <a class=\"swp-cat\" href=\"https:\/\/jashe.thoperchang.com\/?event_cat=capacitaciones\">\r\n                                                    Capacitaciones                                                <\/a>\r\n                                            <\/li>\r\n                                                                                                                            <li><i class=\"fa fa-calendar-alt\"><\/i> 27 Abr 2026<\/li>\r\n                                                                            <\/ul>\r\n                                    <h5 class=\"inner-title swp-mt-15 swp-mb-10\">\r\n                                        <a   href=\"https:\/\/jashe.thoperchang.com\/?event=finanzas-para-emprendedores\" >\r\n                                            Finanzas para Emprendedores                                        <\/a>\r\n                                    <\/h5>\r\n                                                                            <p>Flujo de caja, costos, presupuesto, punto de equilibrio, financiamiento y gesti\u00f3n de\r\ndeudas.<\/p>\r\n                                                                                                                <a  class=\"swp-btn swp-btn-white swp-mt-20 swp-w-100\"  href=\"https:\/\/jashe.thoperchang.com\/?event=finanzas-para-emprendedores\" >\r\n                                            M\u00e1s detalles <i class=\"fa fa-arrow-right\"><\/i><\/a>\r\n                                                                    <\/div>\r\n                            <\/div>\r\n                        <\/div>\r\n                                            <div class=\"swp-col-lg-4 swp-col-sm-6\">\r\n                            <div class=\"swp-single-inner\">\r\n                                <div class=\"icon-img\">\r\n                                    <a   href=\"https:\/\/jashe.thoperchang.com\/?event=estrategias-de-marketing-digital\" >\r\n                                        <img fetchpriority=\"high\" decoding=\"async\" width=\"370\" height=\"208\" src=\"https:\/\/jashe.thoperchang.com\/wp-content\/uploads\/2025\/01\/888x500text16_9.png\" class=\"attachment-swp_eventpress_370x270 size-swp_eventpress_370x270 wp-post-image\" alt=\"\" srcset=\"https:\/\/jashe.thoperchang.com\/wp-content\/uploads\/2025\/01\/888x500text16_9.png 888w, https:\/\/jashe.thoperchang.com\/wp-content\/uploads\/2025\/01\/888x500text16_9-300x169.png 300w, https:\/\/jashe.thoperchang.com\/wp-content\/uploads\/2025\/01\/888x500text16_9-768x432.png 768w, https:\/\/jashe.thoperchang.com\/wp-content\/uploads\/2025\/01\/888x500text16_9-600x338.png 600w\" sizes=\"(max-width: 370px) 100vw, 370px\" \/>                                    <\/a>\r\n                                <\/div>\r\n                                <div class=\"content-box\">\r\n                                    <ul class=\"swp-meta-inner\">\r\n                                                                                    <li>\r\n                                                <a class=\"swp-cat\" href=\"https:\/\/jashe.thoperchang.com\/?event_cat=capacitaciones\">\r\n                                                    Capacitaciones                                                <\/a>\r\n                                            <\/li>\r\n                                                                                                                            <li><i class=\"fa fa-calendar-alt\"><\/i> 27 Abr 2026<\/li>\r\n                                                                            <\/ul>\r\n                                    <h5 class=\"inner-title swp-mt-15 swp-mb-10\">\r\n                                        <a   href=\"https:\/\/jashe.thoperchang.com\/?event=estrategias-de-marketing-digital\" >\r\n                                            Estrategias de Marketing Digital                                        <\/a>\r\n                                    <\/h5>\r\n                                                                            <p>Redes sociales, SEO, publicidad pagada, branding y creaci\u00f3n de contenido de valor.<\/p>\r\n                                                                                                                <a  class=\"swp-btn swp-btn-white swp-mt-20 swp-w-100\"  href=\"https:\/\/jashe.thoperchang.com\/?event=estrategias-de-marketing-digital\" >\r\n                                            M\u00e1s detalles <i class=\"fa fa-arrow-right\"><\/i><\/a>\r\n                                                                    <\/div>\r\n                            <\/div>\r\n                        <\/div>\r\n                                            <div class=\"swp-col-lg-4 swp-col-sm-6\">\r\n                            <div class=\"swp-single-inner\">\r\n                                <div class=\"icon-img\">\r\n                                    <a   href=\"https:\/\/jashe.thoperchang.com\/?event=ventas-y-tecnicas-de-negociacion\" >\r\n                                        <img fetchpriority=\"high\" decoding=\"async\" width=\"370\" height=\"208\" src=\"https:\/\/jashe.thoperchang.com\/wp-content\/uploads\/2025\/01\/888x500text16_9.png\" class=\"attachment-swp_eventpress_370x270 size-swp_eventpress_370x270 wp-post-image\" alt=\"\" srcset=\"https:\/\/jashe.thoperchang.com\/wp-content\/uploads\/2025\/01\/888x500text16_9.png 888w, https:\/\/jashe.thoperchang.com\/wp-content\/uploads\/2025\/01\/888x500text16_9-300x169.png 300w, https:\/\/jashe.thoperchang.com\/wp-content\/uploads\/2025\/01\/888x500text16_9-768x432.png 768w, https:\/\/jashe.thoperchang.com\/wp-content\/uploads\/2025\/01\/888x500text16_9-600x338.png 600w\" sizes=\"(max-width: 370px) 100vw, 370px\" \/>                                    <\/a>\r\n                                <\/div>\r\n                                <div class=\"content-box\">\r\n                                    <ul class=\"swp-meta-inner\">\r\n                                                                                    <li>\r\n                                                <a class=\"swp-cat\" href=\"https:\/\/jashe.thoperchang.com\/?event_cat=capacitaciones\">\r\n                                                    Capacitaciones                                                <\/a>\r\n                                            <\/li>\r\n                                                                                                                            <li><i class=\"fa fa-calendar-alt\"><\/i> 27 Abr 2026<\/li>\r\n                                                                            <\/ul>\r\n                                    <h5 class=\"inner-title swp-mt-15 swp-mb-10\">\r\n                                        <a   href=\"https:\/\/jashe.thoperchang.com\/?event=ventas-y-tecnicas-de-negociacion\" >\r\n                                            Ventas y T\u00e9cnicas de Negociaci\u00f3n                                        <\/a>\r\n                                    <\/h5>\r\n                                                                            <p>Persuasi\u00f3n, cierre de ventas, objeciones, fidelizaci\u00f3n y estrategias de precios.<\/p>\r\n                                                                                                                <a  class=\"swp-btn swp-btn-white swp-mt-20 swp-w-100\"  href=\"https:\/\/jashe.thoperchang.com\/?event=ventas-y-tecnicas-de-negociacion\" >\r\n                                            M\u00e1s detalles <i class=\"fa fa-arrow-right\"><\/i><\/a>\r\n                                                                    <\/div>\r\n                            <\/div>\r\n                        <\/div>\r\n                                            <div class=\"swp-col-lg-4 swp-col-sm-6\">\r\n                            <div class=\"swp-single-inner\">\r\n                                <div class=\"icon-img\">\r\n                                    <a   href=\"https:\/\/jashe.thoperchang.com\/?event=aprender-a-importar-con-angie-gabriela\" >\r\n                                        <img fetchpriority=\"high\" decoding=\"async\" width=\"370\" height=\"208\" src=\"https:\/\/jashe.thoperchang.com\/wp-content\/uploads\/2025\/01\/888x500text16_9.png\" class=\"attachment-swp_eventpress_370x270 size-swp_eventpress_370x270 wp-post-image\" alt=\"\" srcset=\"https:\/\/jashe.thoperchang.com\/wp-content\/uploads\/2025\/01\/888x500text16_9.png 888w, https:\/\/jashe.thoperchang.com\/wp-content\/uploads\/2025\/01\/888x500text16_9-300x169.png 300w, https:\/\/jashe.thoperchang.com\/wp-content\/uploads\/2025\/01\/888x500text16_9-768x432.png 768w, https:\/\/jashe.thoperchang.com\/wp-content\/uploads\/2025\/01\/888x500text16_9-600x338.png 600w\" sizes=\"(max-width: 370px) 100vw, 370px\" \/>                                    <\/a>\r\n                                <\/div>\r\n                                <div class=\"content-box\">\r\n                                    <ul class=\"swp-meta-inner\">\r\n                                                                                    <li>\r\n                                                <a class=\"swp-cat\" href=\"https:\/\/jashe.thoperchang.com\/?event_cat=capacitaciones\">\r\n                                                    Capacitaciones                                                <\/a>\r\n                                            <\/li>\r\n                                                                                                                            <li><i class=\"fa fa-calendar-alt\"><\/i> 29 Abr 2025<\/li>\r\n                                                                            <\/ul>\r\n                                    <h5 class=\"inner-title swp-mt-15 swp-mb-10\">\r\n                                        <a   href=\"https:\/\/jashe.thoperchang.com\/?event=aprender-a-importar-con-angie-gabriela\" >\r\n                                            Aprender a importar con Angie Gabriela                                        <\/a>\r\n                                    <\/h5>\r\n                                                                            <p>Curso gratuito con nuestra experta e im\u00e1gen de Jashe.<\/p>\r\n                                                                                                                <a  class=\"swp-btn swp-btn-white swp-mt-20 swp-w-100\"  href=\"https:\/\/jashe.thoperchang.com\/?event=aprender-a-importar-con-angie-gabriela\" >\r\n                                            M\u00e1s detalles <i class=\"fa fa-arrow-right\"><\/i><\/a>\r\n                                                                    <\/div>\r\n                            <\/div>\r\n                        <\/div>\r\n                                                        \r\n            <\/div>\r\n        <\/div>\r\n    <\/section>\r\n    <!-- Event Card 4 -->\r\n\t\t\t\t<\/div>\n\t\t\t\t<\/div>\n\t\t            <\/div>\r\n        <\/div>\r\n        \t\t\t<\/div>\n\t\t<\/section>\n\t\t\t\t<\/div>\n\t\t","protected":false},"excerpt":{"rendered":"<p>Formaci\u00f3n Profesional Capacitaciones Capacitaciones 22 Feb 2025 Finanzas para Emprendedores Flujo de caja, costos, presupuesto, punto de equilibrio, financiamiento y gesti\u00f3n de deudas. M\u00e1s detalles Capacitaciones 22 Feb 2025 Estrategias de Marketing Digital Redes sociales, SEO, publicidad pagada, branding y creaci\u00f3n de contenido de valor. M\u00e1s detalles Capacitaciones 22 Feb 2025 Ventas y T\u00e9cnicas de [&hellip;]<\/p>\n","protected":false},"author":1,"featured_media":0,"parent":0,"menu_order":0,"comment_status":"closed","ping_status":"closed","template":"","meta":{"footnotes":""},"class_list":["post-10898","page","type-page","status-publish","hentry"],"_links":{"self":[{"href":"https:\/\/jashe.thoperchang.com\/index.php?rest_route=\/wp\/v2\/pages\/10898","targetHints":{"allow":["GET"]}}],"collection":[{"href":"https:\/\/jashe.thoperchang.com\/index.php?rest_route=\/wp\/v2\/pages"}],"about":[{"href":"https:\/\/jashe.thoperchang.com\/index.php?rest_route=\/wp\/v2\/types\/page"}],"author":[{"embeddable":true,"href":"https:\/\/jashe.thoperchang.com\/index.php?rest_route=\/wp\/v2\/users\/1"}],"replies":[{"embeddable":true,"href":"https:\/\/jashe.thoperchang.com\/index.php?rest_route=%2Fwp%2Fv2%2Fcomments&post=10898"}],"version-history":[{"count":7,"href":"https:\/\/jashe.thoperchang.com\/index.php?rest_route=\/wp\/v2\/pages\/10898\/revisions"}],"predecessor-version":[{"id":10905,"href":"https:\/\/jashe.thoperchang.com\/index.php?rest_route=\/wp\/v2\/pages\/10898\/revisions\/10905"}],"wp:attachment":[{"href":"https:\/\/jashe.thoperchang.com\/index.php?rest_route=%2Fwp%2Fv2%2Fmedia&parent=10898"}],"curies":[{"name":"wp","href":"https:\/\/api.w.org\/{rel}","templated":true}]}}