{"id":222,"date":"2023-09-06T10:10:58","date_gmt":"2023-09-06T10:10:58","guid":{"rendered":"https:\/\/demo.casethemes.net\/berich\/?page_id=222"},"modified":"2025-02-04T14:38:36","modified_gmt":"2025-02-04T13:38:36","slug":"contacto","status":"publish","type":"page","link":"https:\/\/jashe.thoperchang.com\/?page_id=222","title":{"rendered":"Contacto"},"content":{"rendered":"\t\t<div data-elementor-type=\"wp-page\" data-elementor-id=\"222\" class=\"elementor elementor-222\">\n\t\t\t\t        <section class=\"elementor-section elementor-top-section elementor-element elementor-element-5812db9 elementor-section-boxed elementor-section-height-default elementor-section-height-default pxl-row-scroll-none pxl-zoom-point-false pxl-section-overflow-visible pxl-section-fix-none pxl-bg-color-none pxl-section-overlay-none\" data-id=\"5812db9\" data-element_type=\"section\">\n\n                \n                <div class=\"elementor-container elementor-column-gap-default \">\n                <div class=\"elementor-column elementor-col-100 elementor-top-column elementor-element elementor-element-eab0676 pxl-column-none pxl-column-overflow-hidden-no\" data-id=\"eab0676\" data-element_type=\"column\">\r\n        <div class=\"elementor-widget-wrap elementor-element-populated\">\r\n                     \r\n        \t\t<div class=\"elementor-element elementor-element-8e0bfa7 elementor-widget-divider--view-line elementor-widget elementor-widget-divider\" data-id=\"8e0bfa7\" data-element_type=\"widget\" data-widget_type=\"divider.default\">\n\t\t\t\t<div class=\"elementor-widget-container\">\n\t\t\t\t\t\t\t<div class=\"elementor-divider\">\n\t\t\t<span class=\"elementor-divider-separator\">\n\t\t\t\t\t\t<\/span>\n\t\t<\/div>\n\t\t\t\t\t\t<\/div>\n\t\t\t\t<\/div>\n\t\t            <\/div>\r\n        <\/div>\r\n        \t\t\t<\/div>\n\t\t<\/section>\n\t\t        <section class=\"elementor-section elementor-top-section elementor-element elementor-element-0e7da8d elementor-section-boxed elementor-section-height-default elementor-section-height-default pxl-row-scroll-none pxl-zoom-point-false pxl-section-overflow-visible pxl-section-fix-none pxl-bg-color-none pxl-section-overlay-none\" data-id=\"0e7da8d\" data-element_type=\"section\">\n\n                \n                <div class=\"elementor-container elementor-column-gap-extended \">\n                <div class=\"elementor-column elementor-col-100 elementor-top-column elementor-element elementor-element-6ed41c5 pxl-column-none pxl-column-overflow-hidden-no\" data-id=\"6ed41c5\" data-element_type=\"column\">\r\n        <div class=\"elementor-widget-wrap elementor-element-populated\">\r\n                     \r\n                <section class=\"elementor-section elementor-inner-section elementor-element elementor-element-8627c46 elementor-section-content-bottom elementor-section-boxed elementor-section-height-default elementor-section-height-default pxl-row-scroll-none pxl-zoom-point-false pxl-section-overflow-visible pxl-section-fix-none pxl-bg-color-none pxl-section-overlay-none\" data-id=\"8627c46\" data-element_type=\"section\">\n\n                \n                <div class=\"elementor-container elementor-column-gap-extended \">\n                <div class=\"elementor-column elementor-col-100 elementor-inner-column elementor-element elementor-element-d910ec2 pxl-column-none pxl-column-overflow-hidden-no\" data-id=\"d910ec2\" data-element_type=\"column\">\r\n        <div class=\"elementor-widget-wrap elementor-element-populated\">\r\n                     \r\n        \t\t<div class=\"elementor-element elementor-element-f551fe0 elementor-widget elementor-widget-pxl_heading\" data-id=\"f551fe0\" data-element_type=\"widget\" data-widget_type=\"pxl_heading.default\">\n\t\t\t\t<div class=\"elementor-widget-container\">\n\t\t\t\t\t\n<div id=\"pxl-pxl_heading-f551fe0-9520\" class=\"pxl-heading px-sub-title-primary-style \">\n\t<div class=\"pxl-heading--inner\">\n\t\t\t\t\t<div class=\"pxl-item--subtitle px-sub-title-primary \" data-wow-delay=\"ms\">\n\t\t\t\t<span class=\"pxl-item--subtext\">\n\t\t\t\t\t\t\t\t\t\tContacta con nosotros\t\t\t\t<\/span>\n\t\t\t<\/div>\n\t\t\n\t\t<h3 class=\"pxl-item--title style-default highlight-default \" data-wow-delay=\"ms\">\n\t\t\t\n\t\t\t\n\t\t\t\n\t\t\t<span class=\"pxl-heading--text\">\n\n\t\t\t\t\t\t\t\t\tGracias por tu inter\u00e9s. <br>\n\u00bfEn qu\u00e9 podemos ayudarte?\t\n\t\t\t\t\t\n\n\t\t\t<\/span>\n\t\t<\/h3>\n\t\t\n\t<\/div>\n<\/div>\t\t\t\t<\/div>\n\t\t\t\t<\/div>\n\t\t            <\/div>\r\n        <\/div>\r\n        \t\t\t<\/div>\n\t\t<\/section>\n\t\t        <section class=\"elementor-section elementor-inner-section elementor-element elementor-element-f179313 elementor-section-boxed elementor-section-height-default elementor-section-height-default pxl-row-scroll-none pxl-zoom-point-false pxl-section-overflow-visible pxl-section-fix-none pxl-bg-color-none pxl-section-overlay-none\" data-id=\"f179313\" data-element_type=\"section\">\n\n                \n                <div class=\"elementor-container elementor-column-gap-extended \">\n                <div class=\"elementor-column elementor-col-50 elementor-inner-column elementor-element elementor-element-aa9c48b pxl-column-none pxl-column-overflow-hidden-no\" data-id=\"aa9c48b\" data-element_type=\"column\">\r\n        <div class=\"elementor-widget-wrap elementor-element-populated\">\r\n                     \r\n        \t\t<div class=\"elementor-element elementor-element-4aceff3 elementor-widget elementor-widget-pxl_contact_form\" data-id=\"4aceff3\" data-element_type=\"widget\" data-widget_type=\"pxl_contact_form.default\">\n\t\t\t\t<div class=\"elementor-widget-container\">\n\t\t\t\t\t    <div class=\"pxl-contact-form pxl-contact-form1 btn-w-auto \" data-wow-delay=\"ms\">\r\n        \n<div class=\"wpcf7 no-js\" id=\"wpcf7-f581-o1\" lang=\"en-US\" dir=\"ltr\" data-wpcf7-id=\"581\">\n<div class=\"screen-reader-response\"><p role=\"status\" aria-live=\"polite\" aria-atomic=\"true\"><\/p> <ul><\/ul><\/div>\n<form action=\"\/index.php?rest_route=%2Fwp%2Fv2%2Fpages%2F222#wpcf7-f581-o1\" method=\"post\" class=\"wpcf7-form init\" aria-label=\"Contact form\" novalidate=\"novalidate\" data-status=\"init\">\n<div style=\"display: none;\">\n<input type=\"hidden\" name=\"_wpcf7\" value=\"581\" \/>\n<input type=\"hidden\" name=\"_wpcf7_version\" value=\"6.0.6\" \/>\n<input type=\"hidden\" name=\"_wpcf7_locale\" value=\"en_US\" \/>\n<input type=\"hidden\" name=\"_wpcf7_unit_tag\" value=\"wpcf7-f581-o1\" \/>\n<input type=\"hidden\" name=\"_wpcf7_container_post\" value=\"0\" \/>\n<input type=\"hidden\" name=\"_wpcf7_posted_data_hash\" value=\"\" \/>\n<\/div>\n<div class=\"row\">\n\t<div class=\"col-lg-6 col-md-6 col-sm-12\"><div class=\"pxl--item\"><label class=\"pxl-form-label\">Nombre<\/label><i class=\"pxl--form-icon far fa-user\"><\/i><span class=\"wpcf7-form-control-wrap\" data-name=\"your-name\"><input size=\"40\" maxlength=\"400\" class=\"wpcf7-form-control wpcf7-text wpcf7-validates-as-required\" aria-required=\"true\" aria-invalid=\"false\" placeholder=\"Ingresa tu nombre...\" value=\"\" type=\"text\" name=\"your-name\" \/><\/span><\/div><\/div>\n\t<div class=\"col-lg-6 col-md-6 col-sm-12\"><div class=\"pxl--item\"><label class=\"pxl-form-label\">E-mail<\/label><i class=\"pxl--form-icon far fa-envelope\"><\/i><span class=\"wpcf7-form-control-wrap\" data-name=\"your-email\"><input size=\"40\" maxlength=\"400\" class=\"wpcf7-form-control wpcf7-email wpcf7-validates-as-required wpcf7-text wpcf7-validates-as-email\" aria-required=\"true\" aria-invalid=\"false\" placeholder=\"info@gmail...\" value=\"\" type=\"email\" name=\"your-email\" \/><\/span><\/div><\/div>\n<\/div>\n<div class=\"pxl--item\"><label class=\"pxl-form-label\">Mensaje<\/label><i class=\"pxl--form-icon far fa-edit top-spacer\"><\/i><span class=\"wpcf7-form-control-wrap\" data-name=\"your-message\"><textarea cols=\"40\" rows=\"10\" maxlength=\"2000\" class=\"wpcf7-form-control wpcf7-textarea wpcf7-validates-as-required\" aria-required=\"true\" aria-invalid=\"false\" placeholder=\"Escribe tu mensaje...\" name=\"your-message\"><\/textarea><\/span><\/div>\n<div class=\"pxl--item pxl-text-center\"><button type=\"submit\" class=\"wpcf7-submit btn btn-slip-primary\">Enviar mensaje<\/button><\/div><div class=\"wpcf7-response-output\" aria-hidden=\"true\"><\/div>\n<\/form>\n<\/div>\n    <\/div>\r\n\t\t\t\t<\/div>\n\t\t\t\t<\/div>\n\t\t            <\/div>\r\n        <\/div>\r\n                <div class=\"elementor-column elementor-col-50 elementor-inner-column elementor-element elementor-element-0f5f451 pxl-column-none pxl-column-overflow-hidden-no\" data-id=\"0f5f451\" data-element_type=\"column\">\r\n        <div class=\"elementor-widget-wrap elementor-element-populated\">\r\n                     \r\n        \t\t<div class=\"elementor-element elementor-element-3fdad07 elementor-widget elementor-widget-pxl_heading\" data-id=\"3fdad07\" data-element_type=\"widget\" data-widget_type=\"pxl_heading.default\">\n\t\t\t\t<div class=\"elementor-widget-container\">\n\t\t\t\t\t\n<div id=\"pxl-pxl_heading-3fdad07-9515\" class=\"pxl-heading px-sub-title-default-style \">\n\t<div class=\"pxl-heading--inner\">\n\t\t\n\t\t<h3 class=\"pxl-item--title style-default highlight-default \" data-wow-delay=\"ms\">\n\t\t\t\n\t\t\t\n\t\t\t\n\t\t\t<span class=\"pxl-heading--text\">\n\n\t\t\t\t\t\t\t\t\t\u00bfTiene alguna pregunta? No dude en ponerse en contacto con nosotros.\n\t\n\t\t\t\t\t\n\n\t\t\t<\/span>\n\t\t<\/h3>\n\t\t\n\t<\/div>\n<\/div>\t\t\t\t<\/div>\n\t\t\t\t<\/div>\n\t\t\t\t<div class=\"elementor-element elementor-element-2406462 elementor-widget elementor-widget-pxl_icon_box\" data-id=\"2406462\" data-element_type=\"widget\" data-widget_type=\"pxl_icon_box.default\">\n\t\t\t\t<div class=\"elementor-widget-container\">\n\t\t\t\t\t<div class=\"pxl-icon-box pxl-icon-box1 style-1 \" data-wow-delay=\"ms\">\r\n    <div class=\"pxl-item--inner pxl-item--flexnw\">\r\n                            <div class=\"pxl-item--icon pxl-mr-10\">\r\n                <img decoding=\"async\" width=\"93\" height=\"70\" src=\"https:\/\/jashe.thoperchang.com\/wp-content\/uploads\/2023\/09\/contact-icon-1.png\" class=\"attachment-full\" alt=\"\" \/>            <\/div>\r\n                <div class=\"pxl-item--holder\">\r\n            <div class=\"pxl-item--description el-empty\">Ll\u00e1manos para obtener asistencia inmediata a este n\u00famero<\/div>\r\n            <h5 class=\"pxl-item--title el-empty\">+593 960373 8128<\/h5>\r\n        <\/div>\r\n        \r\n    <\/div>\r\n<\/div>\t\t\t\t<\/div>\n\t\t\t\t<\/div>\n\t\t\t\t<div class=\"elementor-element elementor-element-25aa984 elementor-widget elementor-widget-pxl_divider\" data-id=\"25aa984\" data-element_type=\"widget\" data-widget_type=\"pxl_divider.default\">\n\t\t\t\t<div class=\"elementor-widget-container\">\n\t\t\t\t\t<div class=\"pxl-el-divider \" data-wow-delay=\"ms\"><\/div>\t\t\t\t<\/div>\n\t\t\t\t<\/div>\n\t\t\t\t<div class=\"elementor-element elementor-element-e13758b elementor-widget elementor-widget-pxl_icon_box\" data-id=\"e13758b\" data-element_type=\"widget\" data-widget_type=\"pxl_icon_box.default\">\n\t\t\t\t<div class=\"elementor-widget-container\">\n\t\t\t\t\t<div class=\"pxl-icon-box pxl-icon-box1 style-1 \" data-wow-delay=\"ms\">\r\n    <div class=\"pxl-item--inner pxl-item--flexnw\">\r\n                            <div class=\"pxl-item--icon pxl-mr-10\">\r\n                <img decoding=\"async\" width=\"93\" height=\"70\" src=\"https:\/\/jashe.thoperchang.com\/wp-content\/uploads\/2023\/09\/contact-icon-2.png\" class=\"attachment-full\" alt=\"\" \/>            <\/div>\r\n                <div class=\"pxl-item--holder\">\r\n            <div class=\"pxl-item--description el-empty\">Ll\u00e1manos para obtener asistencia inmediata a este n\u00famero<\/div>\r\n            <h5 class=\"pxl-item--title el-empty\">info@jashe.org<\/h5>\r\n        <\/div>\r\n        \r\n    <\/div>\r\n<\/div>\t\t\t\t<\/div>\n\t\t\t\t<\/div>\n\t\t            <\/div>\r\n        <\/div>\r\n        \t\t\t<\/div>\n\t\t<\/section>\n\t\t            <\/div>\r\n        <\/div>\r\n        \t\t\t<\/div>\n\t\t<\/section>\n\t\t\t\t<\/div>\n\t\t","protected":false},"excerpt":{"rendered":"<p>Contacta con nosotros Gracias por tu inter\u00e9s. \u00bfEn qu\u00e9 podemos ayudarte? Your Name Your Email Your Estimate &#038; Details Send Message \u00bfTiene alguna pregunta? No dude en ponerse en contacto con nosotros. Ll\u00e1manos para obtener asistencia inmediata a este n\u00famero +593 960373 8128 Ll\u00e1manos para obtener asistencia inmediata a este n\u00famero info@jashe.org<\/p>\n","protected":false},"author":1,"featured_media":0,"parent":0,"menu_order":0,"comment_status":"closed","ping_status":"closed","template":"","meta":{"footnotes":""},"class_list":["post-222","page","type-page","status-publish","hentry"],"_links":{"self":[{"href":"https:\/\/jashe.thoperchang.com\/index.php?rest_route=\/wp\/v2\/pages\/222","targetHints":{"allow":["GET"]}}],"collection":[{"href":"https:\/\/jashe.thoperchang.com\/index.php?rest_route=\/wp\/v2\/pages"}],"about":[{"href":"https:\/\/jashe.thoperchang.com\/index.php?rest_route=\/wp\/v2\/types\/page"}],"author":[{"embeddable":true,"href":"https:\/\/jashe.thoperchang.com\/index.php?rest_route=\/wp\/v2\/users\/1"}],"replies":[{"embeddable":true,"href":"https:\/\/jashe.thoperchang.com\/index.php?rest_route=%2Fwp%2Fv2%2Fcomments&post=222"}],"version-history":[{"count":5,"href":"https:\/\/jashe.thoperchang.com\/index.php?rest_route=\/wp\/v2\/pages\/222\/revisions"}],"predecessor-version":[{"id":10737,"href":"https:\/\/jashe.thoperchang.com\/index.php?rest_route=\/wp\/v2\/pages\/222\/revisions\/10737"}],"wp:attachment":[{"href":"https:\/\/jashe.thoperchang.com\/index.php?rest_route=%2Fwp%2Fv2%2Fmedia&parent=222"}],"curies":[{"name":"wp","href":"https:\/\/api.w.org\/{rel}","templated":true}]}}