{"id":8604,"date":"2024-01-24T02:46:28","date_gmt":"2024-01-24T02:46:28","guid":{"rendered":"https:\/\/demo.casethemes.net\/berich\/?page_id=8604"},"modified":"2025-02-04T14:53:17","modified_gmt":"2025-02-04T13:53:17","slug":"eventos","status":"publish","type":"page","link":"https:\/\/jashe.thoperchang.com\/?page_id=8604","title":{"rendered":"Eventos"},"content":{"rendered":"\t\t<div data-elementor-type=\"wp-page\" data-elementor-id=\"8604\" class=\"elementor elementor-8604\">\n\t\t\t\t        <section class=\"elementor-section elementor-top-section elementor-element elementor-element-e3e310f elementor-section-boxed elementor-section-height-default elementor-section-height-default pxl-row-scroll-none pxl-zoom-point-false pxl-section-overflow-visible pxl-section-fix-none pxl-bg-color-none pxl-section-overlay-none\" data-id=\"e3e310f\" data-element_type=\"section\">\n\n                \n                <div class=\"elementor-container elementor-column-gap-default \">\n                <div class=\"elementor-column elementor-col-100 elementor-top-column elementor-element elementor-element-9272de5 pxl-column-none pxl-column-overflow-hidden-no\" data-id=\"9272de5\" data-element_type=\"column\">\r\n        <div class=\"elementor-widget-wrap elementor-element-populated\">\r\n                     \r\n        \t\t<div class=\"elementor-element elementor-element-bd8f459 elementor-widget-divider--view-line elementor-widget elementor-widget-divider\" data-id=\"bd8f459\" data-element_type=\"widget\" data-widget_type=\"divider.default\">\n\t\t\t\t<div class=\"elementor-widget-container\">\n\t\t\t\t\t\t\t<div class=\"elementor-divider\">\n\t\t\t<span class=\"elementor-divider-separator\">\n\t\t\t\t\t\t<\/span>\n\t\t<\/div>\n\t\t\t\t\t\t<\/div>\n\t\t\t\t<\/div>\n\t\t            <\/div>\r\n        <\/div>\r\n        \t\t\t<\/div>\n\t\t<\/section>\n\t\t        <section class=\"elementor-section elementor-top-section elementor-element elementor-element-20df216 elementor-section-boxed elementor-section-height-default elementor-section-height-default pxl-row-scroll-none pxl-zoom-point-false pxl-section-overflow-visible pxl-section-fix-none pxl-bg-color-none pxl-section-overlay-none\" data-id=\"20df216\" data-element_type=\"section\">\n\n                \n                <div class=\"elementor-container elementor-column-gap-extended \">\n                <div class=\"elementor-column elementor-col-100 elementor-top-column elementor-element elementor-element-690d966c pxl-column-none pxl-column-overflow-hidden-no\" data-id=\"690d966c\" data-element_type=\"column\">\r\n        <div class=\"elementor-widget-wrap elementor-element-populated\">\r\n                     \r\n                <section class=\"elementor-section elementor-inner-section elementor-element elementor-element-372abc96 elementor-section-boxed elementor-section-height-default elementor-section-height-default pxl-row-scroll-none pxl-zoom-point-false pxl-section-overflow-visible pxl-section-fix-none pxl-bg-color-none pxl-section-overlay-none\" data-id=\"372abc96\" data-element_type=\"section\">\n\n                \n                <div class=\"elementor-container elementor-column-gap-extended \">\n                <div class=\"elementor-column elementor-col-100 elementor-inner-column elementor-element elementor-element-5dd8db47 pxl-column-none pxl-column-overflow-hidden-no\" data-id=\"5dd8db47\" data-element_type=\"column\">\r\n        <div class=\"elementor-widget-wrap elementor-element-populated\">\r\n                     \r\n        \t\t<div class=\"elementor-element elementor-element-4d3fee70 elementor-widget elementor-widget-pxl_heading\" data-id=\"4d3fee70\" data-element_type=\"widget\" data-widget_type=\"pxl_heading.default\">\n\t\t\t\t<div class=\"elementor-widget-container\">\n\t\t\t\t\t\n<div id=\"pxl-pxl_heading-4d3fee70-4817\" class=\"pxl-heading px-sub-title-primary-style \">\n\t<div class=\"pxl-heading--inner\">\n\t\t\t\t\t<div class=\"pxl-item--subtitle px-sub-title-primary \" data-wow-delay=\"ms\">\n\t\t\t\t<span class=\"pxl-item--subtext\">\n\t\t\t\t\t\t\t\t\t\tEventos y Misiones\t\t\t\t<\/span>\n\t\t\t<\/div>\n\t\t\n\t\t<h3 class=\"pxl-item--title style-default highlight-default \" data-wow-delay=\"ms\">\n\t\t\t\n\t\t\t\n\t\t\t\n\t\t\t<span class=\"pxl-heading--text\">\n\n\t\t\t\t\t\t\t\t\tProyectos\t\n\t\t\t\t\t\n\n\t\t\t<\/span>\n\t\t<\/h3>\n\t\t\n\t<\/div>\n<\/div>\t\t\t\t<\/div>\n\t\t\t\t<\/div>\n\t\t            <\/div>\r\n        <\/div>\r\n        \t\t\t<\/div>\n\t\t<\/section>\n\t\t\t\t<div class=\"elementor-element elementor-element-5e65bef elementor-widget elementor-widget-swp-eventpress--general\" data-id=\"5e65bef\" data-element_type=\"widget\" data-widget_type=\"swp-eventpress--general.default\">\n\t\t\t\t<div class=\"elementor-widget-container\">\n\t\t\t\t\t    <!-- Event Card 1 -->\r\n    <section class=\"shop-area style-1\">\r\n        <div class=\"swp-container\">\r\n            <div class=\"swp-row\">\r\n                                        <div class=\"swp-col-lg-4 swp-col-sm-6\">\r\n                            <div class=\"swp-single-inner style-1\">\r\n                                <div class=\"icon-img\">\r\n                                    <a   href=\"https:\/\/jashe.thoperchang.com\/?event=mision-empresarial-internacional-en-panama\" >\r\n                                        <img fetchpriority=\"high\" decoding=\"async\" width=\"370\" height=\"208\" src=\"https:\/\/jashe.thoperchang.com\/wp-content\/uploads\/2025\/01\/888x500text16_9.png\" class=\"attachment-swp_eventpress_370x270 size-swp_eventpress_370x270 wp-post-image\" alt=\"\" srcset=\"https:\/\/jashe.thoperchang.com\/wp-content\/uploads\/2025\/01\/888x500text16_9.png 888w, https:\/\/jashe.thoperchang.com\/wp-content\/uploads\/2025\/01\/888x500text16_9-300x169.png 300w, https:\/\/jashe.thoperchang.com\/wp-content\/uploads\/2025\/01\/888x500text16_9-768x432.png 768w, https:\/\/jashe.thoperchang.com\/wp-content\/uploads\/2025\/01\/888x500text16_9-600x338.png 600w\" sizes=\"(max-width: 370px) 100vw, 370px\" \/>                                    <\/a>\r\n                                                                            <div class=\"swp-badge-btn-wrap swp-badge-btn-bottom\">\r\n                                            <div class=\"swp-badge-btn\">\r\n                                                09                                                <span>Abr<\/span>\r\n                                            <\/div>\r\n                                        <\/div>\r\n                                                                    <\/div>\r\n                                <div class=\"content-box\">\r\n                                    <h5 class=\"inner-title swp-mb-20\">\r\n                                        <a   href=\"https:\/\/jashe.thoperchang.com\/?event=mision-empresarial-internacional-en-panama\" >\r\n                                            Misi\u00f3n empresarial internacional en Pan\u00e1ma                                        <\/a>\r\n                                    <\/h5>\r\n                                                                            <ul class=\"swp-single-list-inner\">\r\n                                                                                            <li><i class=\"far fa-flag\"><\/i>Pan\u00e1ma<\/li>\r\n                                                                                            <li><i class=\"far fa-calendar\"><\/i>9 de abril a 11 de abril<\/li>\r\n                                                                                    <\/ul>\r\n                                                                                                                <a  class=\"swp-btn swp-btn-white swp-mt-20 swp-w-100\"  href=\"https:\/\/jashe.thoperchang.com\/?event=mision-empresarial-internacional-en-panama\" >\r\n                                            M\u00e1s detalles <i class=\"fa fa-arrow-right\"><\/i><\/a>\r\n                                                                    <\/div>\r\n                            <\/div>\r\n                        <\/div>\r\n                                            <div class=\"swp-col-lg-4 swp-col-sm-6\">\r\n                            <div class=\"swp-single-inner style-1\">\r\n                                <div class=\"icon-img\">\r\n                                    <a   href=\"https:\/\/jashe.thoperchang.com\/?event=festival-dia-de-la-madre\" >\r\n                                        <img fetchpriority=\"high\" decoding=\"async\" width=\"370\" height=\"208\" src=\"https:\/\/jashe.thoperchang.com\/wp-content\/uploads\/2025\/01\/888x500text16_9.png\" class=\"attachment-swp_eventpress_370x270 size-swp_eventpress_370x270 wp-post-image\" alt=\"\" srcset=\"https:\/\/jashe.thoperchang.com\/wp-content\/uploads\/2025\/01\/888x500text16_9.png 888w, https:\/\/jashe.thoperchang.com\/wp-content\/uploads\/2025\/01\/888x500text16_9-300x169.png 300w, https:\/\/jashe.thoperchang.com\/wp-content\/uploads\/2025\/01\/888x500text16_9-768x432.png 768w, https:\/\/jashe.thoperchang.com\/wp-content\/uploads\/2025\/01\/888x500text16_9-600x338.png 600w\" sizes=\"(max-width: 370px) 100vw, 370px\" \/>                                    <\/a>\r\n                                                                            <div class=\"swp-badge-btn-wrap swp-badge-btn-bottom\">\r\n                                            <div class=\"swp-badge-btn\">\r\n                                                10                                                <span>May<\/span>\r\n                                            <\/div>\r\n                                        <\/div>\r\n                                                                    <\/div>\r\n                                <div class=\"content-box\">\r\n                                    <h5 class=\"inner-title swp-mb-20\">\r\n                                        <a   href=\"https:\/\/jashe.thoperchang.com\/?event=festival-dia-de-la-madre\" >\r\n                                            Festival del D\u00eda de la Madre                                        <\/a>\r\n                                    <\/h5>\r\n                                                                            <ul class=\"swp-single-list-inner\">\r\n                                                                                            <li><i class=\"far fa-flag\"><\/i>Ecuador<\/li>\r\n                                                                                            <li><i class=\"far fa-map\"><\/i>Mall del Sol<\/li>\r\n                                                                                            <li><i class=\"far fa-calendar\"><\/i>10 de mayo y 11 de mayo<\/li>\r\n                                                                                    <\/ul>\r\n                                                                                                                <a  class=\"swp-btn swp-btn-white swp-mt-20 swp-w-100\"  href=\"https:\/\/jashe.thoperchang.com\/?event=festival-dia-de-la-madre\" >\r\n                                            M\u00e1s detalles <i class=\"fa fa-arrow-right\"><\/i><\/a>\r\n                                                                    <\/div>\r\n                            <\/div>\r\n                        <\/div>\r\n                                            <div class=\"swp-col-lg-4 swp-col-sm-6\">\r\n                            <div class=\"swp-single-inner style-1\">\r\n                                <div class=\"icon-img\">\r\n                                    <a   href=\"https:\/\/jashe.thoperchang.com\/?event=multicomer\" >\r\n                                        <img fetchpriority=\"high\" decoding=\"async\" width=\"370\" height=\"208\" src=\"https:\/\/jashe.thoperchang.com\/wp-content\/uploads\/2025\/01\/888x500text16_9.png\" class=\"attachment-swp_eventpress_370x270 size-swp_eventpress_370x270 wp-post-image\" alt=\"\" srcset=\"https:\/\/jashe.thoperchang.com\/wp-content\/uploads\/2025\/01\/888x500text16_9.png 888w, https:\/\/jashe.thoperchang.com\/wp-content\/uploads\/2025\/01\/888x500text16_9-300x169.png 300w, https:\/\/jashe.thoperchang.com\/wp-content\/uploads\/2025\/01\/888x500text16_9-768x432.png 768w, https:\/\/jashe.thoperchang.com\/wp-content\/uploads\/2025\/01\/888x500text16_9-600x338.png 600w\" sizes=\"(max-width: 370px) 100vw, 370px\" \/>                                    <\/a>\r\n                                                                            <div class=\"swp-badge-btn-wrap swp-badge-btn-bottom\">\r\n                                            <div class=\"swp-badge-btn\">\r\n                                                26                                                <span>May<\/span>\r\n                                            <\/div>\r\n                                        <\/div>\r\n                                                                    <\/div>\r\n                                <div class=\"content-box\">\r\n                                    <h5 class=\"inner-title swp-mb-20\">\r\n                                        <a   href=\"https:\/\/jashe.thoperchang.com\/?event=multicomer\" >\r\n                                            Multicomer                                        <\/a>\r\n                                    <\/h5>\r\n                                                                            <ul class=\"swp-single-list-inner\">\r\n                                                                                            <li><i class=\"far fa-flag\"><\/i>Ecuador<\/li>\r\n                                                                                            <li><i class=\"far fa-map\"><\/i>Hotel Oro Verde, Guayaquil<\/li>\r\n                                                                                            <li><i class=\"far fa-calendar\"><\/i>26 de mayo y 27 de mayo<\/li>\r\n                                                                                    <\/ul>\r\n                                                                                                                <a  class=\"swp-btn swp-btn-white swp-mt-20 swp-w-100\"  href=\"https:\/\/jashe.thoperchang.com\/?event=multicomer\" >\r\n                                            M\u00e1s detalles <i class=\"fa fa-arrow-right\"><\/i><\/a>\r\n                                                                    <\/div>\r\n                            <\/div>\r\n                        <\/div>\r\n                                            <div class=\"swp-col-lg-4 swp-col-sm-6\">\r\n                            <div class=\"swp-single-inner style-1\">\r\n                                <div class=\"icon-img\">\r\n                                    <a   href=\"https:\/\/jashe.thoperchang.com\/?event=mision-empresarial-internacional-en-nueva-york\" >\r\n                                        <img fetchpriority=\"high\" decoding=\"async\" width=\"370\" height=\"208\" src=\"https:\/\/jashe.thoperchang.com\/wp-content\/uploads\/2025\/01\/888x500text16_9.png\" class=\"attachment-swp_eventpress_370x270 size-swp_eventpress_370x270 wp-post-image\" alt=\"\" srcset=\"https:\/\/jashe.thoperchang.com\/wp-content\/uploads\/2025\/01\/888x500text16_9.png 888w, https:\/\/jashe.thoperchang.com\/wp-content\/uploads\/2025\/01\/888x500text16_9-300x169.png 300w, https:\/\/jashe.thoperchang.com\/wp-content\/uploads\/2025\/01\/888x500text16_9-768x432.png 768w, https:\/\/jashe.thoperchang.com\/wp-content\/uploads\/2025\/01\/888x500text16_9-600x338.png 600w\" sizes=\"(max-width: 370px) 100vw, 370px\" \/>                                    <\/a>\r\n                                                                            <div class=\"swp-badge-btn-wrap swp-badge-btn-bottom\">\r\n                                            <div class=\"swp-badge-btn\">\r\n                                                29                                                <span>Jun<\/span>\r\n                                            <\/div>\r\n                                        <\/div>\r\n                                                                    <\/div>\r\n                                <div class=\"content-box\">\r\n                                    <h5 class=\"inner-title swp-mb-20\">\r\n                                        <a   href=\"https:\/\/jashe.thoperchang.com\/?event=mision-empresarial-internacional-en-nueva-york\" >\r\n                                            Misi\u00f3n Empresarial Internacional en Nueva York                                        <\/a>\r\n                                    <\/h5>\r\n                                                                            <ul class=\"swp-single-list-inner\">\r\n                                                                                            <li><i class=\"far fa-flag\"><\/i>USA<\/li>\r\n                                                                                            <li><i class=\"far fa-map\"><\/i>Nueva York<\/li>\r\n                                                                                            <li><i class=\"far fa-calendar\"><\/i>29 de junio al 1 de julio<\/li>\r\n                                                                                    <\/ul>\r\n                                                                                                                <a  class=\"swp-btn swp-btn-white swp-mt-20 swp-w-100\"  href=\"https:\/\/jashe.thoperchang.com\/?event=mision-empresarial-internacional-en-nueva-york\" >\r\n                                            M\u00e1s detalles <i class=\"fa fa-arrow-right\"><\/i><\/a>\r\n                                                                    <\/div>\r\n                            <\/div>\r\n                        <\/div>\r\n                                            <div class=\"swp-col-lg-4 swp-col-sm-6\">\r\n                            <div class=\"swp-single-inner style-1\">\r\n                                <div class=\"icon-img\">\r\n                                    <a   href=\"https:\/\/jashe.thoperchang.com\/?event=expandhub\" >\r\n                                        <img fetchpriority=\"high\" decoding=\"async\" width=\"370\" height=\"208\" src=\"https:\/\/jashe.thoperchang.com\/wp-content\/uploads\/2025\/01\/888x500text16_9.png\" class=\"attachment-swp_eventpress_370x270 size-swp_eventpress_370x270 wp-post-image\" alt=\"\" srcset=\"https:\/\/jashe.thoperchang.com\/wp-content\/uploads\/2025\/01\/888x500text16_9.png 888w, https:\/\/jashe.thoperchang.com\/wp-content\/uploads\/2025\/01\/888x500text16_9-300x169.png 300w, https:\/\/jashe.thoperchang.com\/wp-content\/uploads\/2025\/01\/888x500text16_9-768x432.png 768w, https:\/\/jashe.thoperchang.com\/wp-content\/uploads\/2025\/01\/888x500text16_9-600x338.png 600w\" sizes=\"(max-width: 370px) 100vw, 370px\" \/>                                    <\/a>\r\n                                                                            <div class=\"swp-badge-btn-wrap swp-badge-btn-bottom\">\r\n                                            <div class=\"swp-badge-btn\">\r\n                                                28                                                <span>Ago<\/span>\r\n                                            <\/div>\r\n                                        <\/div>\r\n                                                                    <\/div>\r\n                                <div class=\"content-box\">\r\n                                    <h5 class=\"inner-title swp-mb-20\">\r\n                                        <a   href=\"https:\/\/jashe.thoperchang.com\/?event=expandhub\" >\r\n                                            ExpandHub                                        <\/a>\r\n                                    <\/h5>\r\n                                                                            <ul class=\"swp-single-list-inner\">\r\n                                                                                            <li><i class=\"far fa-flag\"><\/i>Ecuador<\/li>\r\n                                                                                            <li><i class=\"far fa-map\"><\/i>Hotel Oro Verde de Guayaquil<\/li>\r\n                                                                                            <li><i class=\"far fa-calendar\"><\/i>28 y 29 de agosto<\/li>\r\n                                                                                    <\/ul>\r\n                                                                                                                <a  class=\"swp-btn swp-btn-white swp-mt-20 swp-w-100\"  href=\"https:\/\/jashe.thoperchang.com\/?event=expandhub\" >\r\n                                            M\u00e1s detalles <i class=\"fa fa-arrow-right\"><\/i><\/a>\r\n                                                                    <\/div>\r\n                            <\/div>\r\n                        <\/div>\r\n                                            <div class=\"swp-col-lg-4 swp-col-sm-6\">\r\n                            <div class=\"swp-single-inner style-1\">\r\n                                <div class=\"icon-img\">\r\n                                    <a   href=\"https:\/\/jashe.thoperchang.com\/?event=mision-empresarial-internacional-en-alemania\" >\r\n                                        <img fetchpriority=\"high\" decoding=\"async\" width=\"370\" height=\"208\" src=\"https:\/\/jashe.thoperchang.com\/wp-content\/uploads\/2025\/01\/888x500text16_9.png\" class=\"attachment-swp_eventpress_370x270 size-swp_eventpress_370x270 wp-post-image\" alt=\"\" srcset=\"https:\/\/jashe.thoperchang.com\/wp-content\/uploads\/2025\/01\/888x500text16_9.png 888w, https:\/\/jashe.thoperchang.com\/wp-content\/uploads\/2025\/01\/888x500text16_9-300x169.png 300w, https:\/\/jashe.thoperchang.com\/wp-content\/uploads\/2025\/01\/888x500text16_9-768x432.png 768w, https:\/\/jashe.thoperchang.com\/wp-content\/uploads\/2025\/01\/888x500text16_9-600x338.png 600w\" sizes=\"(max-width: 370px) 100vw, 370px\" \/>                                    <\/a>\r\n                                                                            <div class=\"swp-badge-btn-wrap swp-badge-btn-bottom\">\r\n                                            <div class=\"swp-badge-btn\">\r\n                                                04                                                <span>Oct<\/span>\r\n                                            <\/div>\r\n                                        <\/div>\r\n                                                                    <\/div>\r\n                                <div class=\"content-box\">\r\n                                    <h5 class=\"inner-title swp-mb-20\">\r\n                                        <a   href=\"https:\/\/jashe.thoperchang.com\/?event=mision-empresarial-internacional-en-alemania\" >\r\n                                            Misi\u00f3n Empresarial Internacional en Alemania                                        <\/a>\r\n                                    <\/h5>\r\n                                                                            <ul class=\"swp-single-list-inner\">\r\n                                                                                            <li><i class=\"far fa-flag\"><\/i>Alemania<\/li>\r\n                                                                                            <li><i class=\"far fa-calendar\"><\/i>4 al 8 de octubre<\/li>\r\n                                                                                    <\/ul>\r\n                                                                                                                <a  class=\"swp-btn swp-btn-white swp-mt-20 swp-w-100\"  href=\"https:\/\/jashe.thoperchang.com\/?event=mision-empresarial-internacional-en-alemania\" >\r\n                                            M\u00e1s detalles <i class=\"fa fa-arrow-right\"><\/i><\/a>\r\n                                                                    <\/div>\r\n                            <\/div>\r\n                        <\/div>\r\n                                                                    <\/div>\r\n        <\/div>\r\n    <\/section>\r\n    <!-- Event Card 1 -->\r\n\t\t\t\t<\/div>\n\t\t\t\t<\/div>\n\t\t            <\/div>\r\n        <\/div>\r\n        \t\t\t<\/div>\n\t\t<\/section>\n\t\t\t\t<\/div>\n\t\t","protected":false},"excerpt":{"rendered":"<p>Eventos y Misiones Proyectos 09 Abr Misi\u00f3n empresarial internacional en Pan\u00e1ma Pan\u00e1ma 9 de abril a 11 de abril M\u00e1s detalles 10 May Festival del D\u00eda de la Madre Ecuador Mall del Sol 10 de mayo y 11 de mayo M\u00e1s detalles 26 May Multicomer Ecuador Hotel Oro Verde, Guayaquil 26 de mayo y 27 [&hellip;]<\/p>\n","protected":false},"author":1,"featured_media":0,"parent":0,"menu_order":0,"comment_status":"closed","ping_status":"closed","template":"","meta":{"footnotes":""},"class_list":["post-8604","page","type-page","status-publish","hentry"],"_links":{"self":[{"href":"https:\/\/jashe.thoperchang.com\/index.php?rest_route=\/wp\/v2\/pages\/8604","targetHints":{"allow":["GET"]}}],"collection":[{"href":"https:\/\/jashe.thoperchang.com\/index.php?rest_route=\/wp\/v2\/pages"}],"about":[{"href":"https:\/\/jashe.thoperchang.com\/index.php?rest_route=\/wp\/v2\/types\/page"}],"author":[{"embeddable":true,"href":"https:\/\/jashe.thoperchang.com\/index.php?rest_route=\/wp\/v2\/users\/1"}],"replies":[{"embeddable":true,"href":"https:\/\/jashe.thoperchang.com\/index.php?rest_route=%2Fwp%2Fv2%2Fcomments&post=8604"}],"version-history":[{"count":11,"href":"https:\/\/jashe.thoperchang.com\/index.php?rest_route=\/wp\/v2\/pages\/8604\/revisions"}],"predecessor-version":[{"id":10750,"href":"https:\/\/jashe.thoperchang.com\/index.php?rest_route=\/wp\/v2\/pages\/8604\/revisions\/10750"}],"wp:attachment":[{"href":"https:\/\/jashe.thoperchang.com\/index.php?rest_route=%2Fwp%2Fv2%2Fmedia&parent=8604"}],"curies":[{"name":"wp","href":"https:\/\/api.w.org\/{rel}","templated":true}]}}